{"id":41,"date":"2016-10-03T20:26:18","date_gmt":"2016-10-03T23:26:18","guid":{"rendered":"http:\/\/www.techbyte.com.br\/?page_id=41"},"modified":"2022-07-06T15:35:07","modified_gmt":"2022-07-06T18:35:07","slug":"empresa-de-informatica-em-mogi-das-cruzes-sp","status":"publish","type":"page","link":"https:\/\/www.techbyte.com.br\/index.php\/empresa-de-informatica-em-mogi-das-cruzes-sp\/","title":{"rendered":"Empresa de inform\u00e1tica\u00a0 em Mogi das Cruzes \u2013 SP"},"content":{"rendered":"<div class=\"fb-like\" data-href=\"https:\/\/www.techbyte.com.br\/index.php\/empresa-de-informatica-em-mogi-das-cruzes-sp\/\" data-layout=\"standard\" data-action=\"like\" data-size=\"small\" data-show-faces=\"false\" data-share=\"true\"><\/div>\n<figure id=\"attachment_514\" aria-describedby=\"caption-attachment-514\" style=\"width: 315px\" class=\"wp-caption alignleft\"><img decoding=\"async\" loading=\"lazy\" class=\" wp-image-514\" src=\"https:\/\/www.techbyte.com.br\/wp-content\/uploads\/2016\/10\/Fotolia_87533351_Subscription_Monthly_XXL.jpg\" alt=\"\" width=\"315\" height=\"203\" srcset=\"https:\/\/www.techbyte.com.br\/wp-content\/uploads\/2016\/10\/Fotolia_87533351_Subscription_Monthly_XXL.jpg 5000w, https:\/\/www.techbyte.com.br\/wp-content\/uploads\/2016\/10\/Fotolia_87533351_Subscription_Monthly_XXL-300x193.jpg 300w, https:\/\/www.techbyte.com.br\/wp-content\/uploads\/2016\/10\/Fotolia_87533351_Subscription_Monthly_XXL-768x495.jpg 768w, https:\/\/www.techbyte.com.br\/wp-content\/uploads\/2016\/10\/Fotolia_87533351_Subscription_Monthly_XXL-1024x659.jpg 1024w, https:\/\/www.techbyte.com.br\/wp-content\/uploads\/2016\/10\/Fotolia_87533351_Subscription_Monthly_XXL-227x146.jpg 227w, https:\/\/www.techbyte.com.br\/wp-content\/uploads\/2016\/10\/Fotolia_87533351_Subscription_Monthly_XXL-50x32.jpg 50w, https:\/\/www.techbyte.com.br\/wp-content\/uploads\/2016\/10\/Fotolia_87533351_Subscription_Monthly_XXL-124x80.jpg 124w\" sizes=\"(max-width: 315px) 100vw, 315px\" \/><figcaption id=\"caption-attachment-514\" class=\"wp-caption-text\">Technology, Network Server, Data.<\/figcaption><\/figure>\n<p><strong>Empresa de inform\u00e1tica\u00a0 em Mogi das Cruzes \u2013 SP <\/strong>oferece <strong>suporte em inform\u00e1tica<\/strong>\u00a0para pequenas, m\u00e9dias e grandes empresas<\/p>\n<p>Otimize seu neg\u00f3cio com as a\u00e7\u00f5es da TechByte, <strong>Empresa de inform\u00e1tica\u00a0 em Mogi das Cruzes \u2013 SP <\/strong>que atua com os melhores produtos e excel\u00eancia na presta\u00e7\u00e3o de servi\u00e7o, com <strong><em>suporte em inform\u00e1tica<\/em><\/strong>\u00a0para pequenas, m\u00e9dias e grandes empresas. A <strong>Empresa de inform\u00e1tica\u00a0 em Mogi das Cruzes \u2013 SP <\/strong>aumenta a sua produtividade, evitando perdas de tempo dos seus funcion\u00e1rios com problemas de inform\u00e1tica, proporcionando um total gerenciamento em TI com um ambiente de servi\u00e7o est\u00e1vel. A<strong> Empresa de administra\u00e7\u00e3o de redes Mogi das Cruzes &#8211; SP<\/strong> realiza contratos mensais, peri\u00f3dicos, ou conforme a necessidade do cliente.<\/p>\n<p>A TechByte \u00e9 uma <strong>Empresa de inform\u00e1tica\u00a0 em Mogi das Cruzes \u2013 SP <\/strong>que est\u00e1 entre as principais <strong>Empresas de Suporte de Inform\u00e1tica em Mogi das Cruzes <\/strong>que oferecem um conjunto de servi\u00e7os que podem ser personalizados de acordo com as necessidades da sua empresa.<\/p>\n<p>O suporte t\u00e9cnico da <strong>Empresa de inform\u00e1tica\u00a0 em Mogi das Cruzes \u2013 SP<\/strong> previne problemas comuns antes que eles ocorram, poupando tempo e dinheiro. Esses servi\u00e7os permitem minimizar riscos, alinhar estrat\u00e9gias e aumentar a velocidade da implementa\u00e7\u00e3o de solu\u00e7\u00f5es de <strong>inform\u00e1tica\u00a0 em Mogi das Cruzes \u2013 SP<\/strong>, sempre buscando a disponibilidade, o desempenho e a seguran\u00e7a de seus recursos.<\/p>\n<p>A TechByte \u00e9 refer\u00eancia como <strong>Empresa de inform\u00e1tica\u00a0 em Mogi das Cruzes \u2013 SP<\/strong>, munic\u00edpio do estado de S\u00e3o Paulo, na regi\u00e3o metropolitana da capital que est\u00e1 localizado na regi\u00e3o sudeste do Brasil. Com mais de 420 mil habitantes, <strong>Mogi das Cruzes<\/strong> tem seu nome de origem tupi e significa <em>rio das cobras<\/em>, com refer\u00eancia ao Tiet\u00ea, o qual corta a cidade. Considerada a cidade mais desenvolvida da regi\u00e3o do Alto do Tiet\u00ea, <strong>Mogi das Cruzes<\/strong> est\u00e1 localizada \u00e0 latitude 23\u00ba31&#8217;23,7&#8243;\u00a0sul e longitude -46\u00ba11&#8217;31,2&#8243;\u00a0oeste, estando a uma altitude m\u00e9dia de 780m, com seu ponto mais alto sendo o Pico do Urubu.<\/p>\n<p>A TechByte atua como <strong>Empresa terceirizada de inform\u00e1tica em Mogi das Cruzes \u2013 SP<\/strong>, com o mais completo <strong>Suporte de inform\u00e1tica para empresas em Mogi das Cruzes \u2013 SP<\/strong>.<\/p>\n<p><strong>Empresa de inform\u00e1tica\u00a0 em Mogi das Cruzes \u2013 SP <\/strong>utiliza avan\u00e7adas tecnologias da Informa\u00e7\u00e3o<\/p>\n<p>A<strong> Empresa de TI Mogi das Cruzes &#8211; SP<\/strong> oferece solu\u00e7\u00f5es tecnol\u00f3gicas aos seus clientes, para que seus neg\u00f3cios sempre estejam conectados a partir das mais avan\u00e7adas tecnologias da informa\u00e7\u00e3o. A <strong>Empresa de inform\u00e1tica\u00a0 em Mogi das Cruzes \u2013 SP <\/strong>executa toda implanta\u00e7\u00e3o de infraestrutura de redes, otimiza e mant\u00e9m plataformas e infraestrutura de Tecnologia da Informa\u00e7\u00e3o. A <strong>Empresa de inform\u00e1tica\u00a0 em Mogi das Cruzes \u2013 SP <\/strong>realiza projetos com infraestrutura de menor ou maior complexidade, juntamente a uma equipe t\u00e9cnica capacitada a atender seus clientes e servi\u00e7os, com tecnologias e equipamentos alinhados \u00e0 sua demanda e suas perspectivas de expans\u00e3o.<\/p>\n<p><strong>Empresa de inform\u00e1tica\u00a0 em Mogi das Cruzes \u2013 SP &#8211;<\/strong> suporte de usu\u00e1rios<\/p>\n<p>A <strong>Empresa de inform\u00e1tica\u00a0 em Mogi das Cruzes \u2013 SP <\/strong>administra todas as tarefas de inform\u00e1tica da sua empresa, a exemplo do monitoramento da sua rede, prevenindo invas\u00f5es ao suporte de usu\u00e1rios. Tudo atrav\u00e9s de eficiente <strong>Suporte de inform\u00e1tica em Mogi das Cruzes \u2013 SP<\/strong>.<\/p>\n<p>Visando aumentar a produtividade do seu neg\u00f3cio, a <strong>Empresa de inform\u00e1tica\u00a0 em Mogi das Cruzes \u2013 SP <\/strong>proporciona um total gerenciamento em TI com um ambiente de servi\u00e7o mais est\u00e1vel.<\/p>\n","protected":false},"excerpt":{"rendered":"<p>Empresa de inform\u00e1tica\u00a0 em Mogi das Cruzes \u2013 SP oferece suporte em inform\u00e1tica\u00a0para pequenas, m\u00e9dias e grandes empresas Otimize seu neg\u00f3cio com as a\u00e7\u00f5es da TechByte, Empresa de inform\u00e1tica\u00a0 em Mogi das Cruzes \u2013 SP que atua com os melhores produtos e excel\u00eancia na presta\u00e7\u00e3o de servi\u00e7o, com suporte em inform\u00e1tica\u00a0para pequenas, m\u00e9dias e grandes [&hellip;]<\/p>\n","protected":false},"author":2,"featured_media":0,"parent":0,"menu_order":0,"comment_status":"closed","ping_status":"closed","template":"","meta":[],"yoast_head":"<!-- This site is optimized with the Yoast SEO Premium plugin v17.9 (Yoast SEO v17.9) - https:\/\/yoast.com\/wordpress\/plugins\/seo\/ -->\n<title>Empresa de inform\u00e1tica\u00a0 em Mogi das Cruzes \u2013 SP - Techbyte Solutions<\/title>\n<meta name=\"description\" content=\"Empresa de inform\u00e1tica\u00a0 em Mogi das Cruzes \u2013 SP oferece suporte em inform\u00e1tica\u00a0para pequenas, m\u00e9dias e grandes empresas\" \/>\n<meta name=\"robots\" content=\"index, follow, max-snippet:-1, max-image-preview:large, max-video-preview:-1\" \/>\n<link rel=\"canonical\" href=\"https:\/\/www.techbyte.com.br\/index.php\/empresa-de-informatica-em-mogi-das-cruzes-sp\/\" \/>\n<meta property=\"og:locale\" content=\"pt_BR\" \/>\n<meta property=\"og:type\" content=\"article\" \/>\n<meta property=\"og:title\" content=\"Empresa de inform\u00e1tica\u00a0 em Mogi das Cruzes \u2013 SP\" \/>\n<meta property=\"og:description\" content=\"Empresa de inform\u00e1tica\u00a0 em Mogi das Cruzes \u2013 SP oferece suporte em inform\u00e1tica\u00a0para pequenas, m\u00e9dias e grandes empresas\" \/>\n<meta property=\"og:url\" content=\"https:\/\/www.techbyte.com.br\/index.php\/empresa-de-informatica-em-mogi-das-cruzes-sp\/\" \/>\n<meta property=\"og:site_name\" content=\"Techbyte Solutions\" \/>\n<meta property=\"article:modified_time\" content=\"2022-07-06T18:35:07+00:00\" \/>\n<meta property=\"og:image\" content=\"https:\/\/www.techbyte.com.br\/wp-content\/uploads\/2016\/10\/Fotolia_87533351_Subscription_Monthly_XXL.jpg\" \/>\n<meta name=\"twitter:card\" content=\"summary_large_image\" \/>\n<meta name=\"twitter:label1\" content=\"Est. tempo de leitura\" \/>\n\t<meta name=\"twitter:data1\" content=\"4 minutos\" \/>\n<script type=\"application\/ld+json\" class=\"yoast-schema-graph\">{\"@context\":\"https:\/\/schema.org\",\"@graph\":[{\"@type\":\"WebSite\",\"@id\":\"https:\/\/www.techbyte.com.br\/#website\",\"url\":\"https:\/\/www.techbyte.com.br\/\",\"name\":\"Techbyte Solutions\",\"description\":\"Solu\\u00e7\\u00f5es de TI na medida certa para a sua Empresa\",\"potentialAction\":[{\"@type\":\"SearchAction\",\"target\":{\"@type\":\"EntryPoint\",\"urlTemplate\":\"https:\/\/www.techbyte.com.br\/?s={search_term_string}\"},\"query-input\":\"required name=search_term_string\"}],\"inLanguage\":\"pt-BR\"},{\"@type\":\"ImageObject\",\"@id\":\"https:\/\/www.techbyte.com.br\/index.php\/empresa-de-informatica-em-mogi-das-cruzes-sp\/#primaryimage\",\"inLanguage\":\"pt-BR\",\"url\":\"https:\/\/www.techbyte.com.br\/wp-content\/uploads\/2016\/10\/Fotolia_87533351_Subscription_Monthly_XXL.jpg\",\"contentUrl\":\"https:\/\/www.techbyte.com.br\/wp-content\/uploads\/2016\/10\/Fotolia_87533351_Subscription_Monthly_XXL.jpg\",\"width\":5000,\"height\":3220,\"caption\":\"Techbyte Solutions\"},{\"@type\":\"WebPage\",\"@id\":\"https:\/\/www.techbyte.com.br\/index.php\/empresa-de-informatica-em-mogi-das-cruzes-sp\/#webpage\",\"url\":\"https:\/\/www.techbyte.com.br\/index.php\/empresa-de-informatica-em-mogi-das-cruzes-sp\/\",\"name\":\"Empresa de inform\\u00e1tica\\u00a0 em Mogi das Cruzes \\u2013 SP - Techbyte Solutions\",\"isPartOf\":{\"@id\":\"https:\/\/www.techbyte.com.br\/#website\"},\"primaryImageOfPage\":{\"@id\":\"https:\/\/www.techbyte.com.br\/index.php\/empresa-de-informatica-em-mogi-das-cruzes-sp\/#primaryimage\"},\"datePublished\":\"2016-10-03T23:26:18+00:00\",\"dateModified\":\"2022-07-06T18:35:07+00:00\",\"description\":\"Empresa de inform\\u00e1tica\\u00a0 em Mogi das Cruzes \\u2013 SP oferece suporte em inform\\u00e1tica\\u00a0para pequenas, m\\u00e9dias e grandes empresas\",\"breadcrumb\":{\"@id\":\"https:\/\/www.techbyte.com.br\/index.php\/empresa-de-informatica-em-mogi-das-cruzes-sp\/#breadcrumb\"},\"inLanguage\":\"pt-BR\",\"potentialAction\":[{\"@type\":\"ReadAction\",\"target\":[\"https:\/\/www.techbyte.com.br\/index.php\/empresa-de-informatica-em-mogi-das-cruzes-sp\/\"]}]},{\"@type\":\"BreadcrumbList\",\"@id\":\"https:\/\/www.techbyte.com.br\/index.php\/empresa-de-informatica-em-mogi-das-cruzes-sp\/#breadcrumb\",\"itemListElement\":[{\"@type\":\"ListItem\",\"position\":1,\"name\":\"Home\",\"item\":\"https:\/\/www.techbyte.com.br\/\"},{\"@type\":\"ListItem\",\"position\":2,\"name\":\"Empresa de inform\\u00e1tica\\u00a0 em Mogi das Cruzes \\u2013 SP\"}]}]}<\/script>\n<!-- \/ Yoast SEO Premium plugin. -->","yoast_head_json":{"title":"Empresa de inform\u00e1tica\u00a0 em Mogi das Cruzes \u2013 SP - Techbyte Solutions","description":"Empresa de inform\u00e1tica\u00a0 em Mogi das Cruzes \u2013 SP oferece suporte em inform\u00e1tica\u00a0para pequenas, m\u00e9dias e grandes empresas","robots":{"index":"index","follow":"follow","max-snippet":"max-snippet:-1","max-image-preview":"max-image-preview:large","max-video-preview":"max-video-preview:-1"},"canonical":"https:\/\/www.techbyte.com.br\/index.php\/empresa-de-informatica-em-mogi-das-cruzes-sp\/","og_locale":"pt_BR","og_type":"article","og_title":"Empresa de inform\u00e1tica\u00a0 em Mogi das Cruzes \u2013 SP","og_description":"Empresa de inform\u00e1tica\u00a0 em Mogi das Cruzes \u2013 SP oferece suporte em inform\u00e1tica\u00a0para pequenas, m\u00e9dias e grandes empresas","og_url":"https:\/\/www.techbyte.com.br\/index.php\/empresa-de-informatica-em-mogi-das-cruzes-sp\/","og_site_name":"Techbyte Solutions","article_modified_time":"2022-07-06T18:35:07+00:00","og_image":[{"url":"https:\/\/www.techbyte.com.br\/wp-content\/uploads\/2016\/10\/Fotolia_87533351_Subscription_Monthly_XXL.jpg"}],"twitter_card":"summary_large_image","twitter_misc":{"Est. tempo de leitura":"4 minutos"},"schema":{"@context":"https:\/\/schema.org","@graph":[{"@type":"WebSite","@id":"https:\/\/www.techbyte.com.br\/#website","url":"https:\/\/www.techbyte.com.br\/","name":"Techbyte Solutions","description":"Solu\u00e7\u00f5es de TI na medida certa para a sua Empresa","potentialAction":[{"@type":"SearchAction","target":{"@type":"EntryPoint","urlTemplate":"https:\/\/www.techbyte.com.br\/?s={search_term_string}"},"query-input":"required name=search_term_string"}],"inLanguage":"pt-BR"},{"@type":"ImageObject","@id":"https:\/\/www.techbyte.com.br\/index.php\/empresa-de-informatica-em-mogi-das-cruzes-sp\/#primaryimage","inLanguage":"pt-BR","url":"https:\/\/www.techbyte.com.br\/wp-content\/uploads\/2016\/10\/Fotolia_87533351_Subscription_Monthly_XXL.jpg","contentUrl":"https:\/\/www.techbyte.com.br\/wp-content\/uploads\/2016\/10\/Fotolia_87533351_Subscription_Monthly_XXL.jpg","width":5000,"height":3220,"caption":"Techbyte Solutions"},{"@type":"WebPage","@id":"https:\/\/www.techbyte.com.br\/index.php\/empresa-de-informatica-em-mogi-das-cruzes-sp\/#webpage","url":"https:\/\/www.techbyte.com.br\/index.php\/empresa-de-informatica-em-mogi-das-cruzes-sp\/","name":"Empresa de inform\u00e1tica\u00a0 em Mogi das Cruzes \u2013 SP - Techbyte Solutions","isPartOf":{"@id":"https:\/\/www.techbyte.com.br\/#website"},"primaryImageOfPage":{"@id":"https:\/\/www.techbyte.com.br\/index.php\/empresa-de-informatica-em-mogi-das-cruzes-sp\/#primaryimage"},"datePublished":"2016-10-03T23:26:18+00:00","dateModified":"2022-07-06T18:35:07+00:00","description":"Empresa de inform\u00e1tica\u00a0 em Mogi das Cruzes \u2013 SP oferece suporte em inform\u00e1tica\u00a0para pequenas, m\u00e9dias e grandes empresas","breadcrumb":{"@id":"https:\/\/www.techbyte.com.br\/index.php\/empresa-de-informatica-em-mogi-das-cruzes-sp\/#breadcrumb"},"inLanguage":"pt-BR","potentialAction":[{"@type":"ReadAction","target":["https:\/\/www.techbyte.com.br\/index.php\/empresa-de-informatica-em-mogi-das-cruzes-sp\/"]}]},{"@type":"BreadcrumbList","@id":"https:\/\/www.techbyte.com.br\/index.php\/empresa-de-informatica-em-mogi-das-cruzes-sp\/#breadcrumb","itemListElement":[{"@type":"ListItem","position":1,"name":"Home","item":"https:\/\/www.techbyte.com.br\/"},{"@type":"ListItem","position":2,"name":"Empresa de inform\u00e1tica\u00a0 em Mogi das Cruzes \u2013 SP"}]}]}},"_links":{"self":[{"href":"https:\/\/www.techbyte.com.br\/index.php\/wp-json\/wp\/v2\/pages\/41"}],"collection":[{"href":"https:\/\/www.techbyte.com.br\/index.php\/wp-json\/wp\/v2\/pages"}],"about":[{"href":"https:\/\/www.techbyte.com.br\/index.php\/wp-json\/wp\/v2\/types\/page"}],"author":[{"embeddable":true,"href":"https:\/\/www.techbyte.com.br\/index.php\/wp-json\/wp\/v2\/users\/2"}],"replies":[{"embeddable":true,"href":"https:\/\/www.techbyte.com.br\/index.php\/wp-json\/wp\/v2\/comments?post=41"}],"version-history":[{"count":2,"href":"https:\/\/www.techbyte.com.br\/index.php\/wp-json\/wp\/v2\/pages\/41\/revisions"}],"predecessor-version":[{"id":2076,"href":"https:\/\/www.techbyte.com.br\/index.php\/wp-json\/wp\/v2\/pages\/41\/revisions\/2076"}],"wp:attachment":[{"href":"https:\/\/www.techbyte.com.br\/index.php\/wp-json\/wp\/v2\/media?parent=41"}],"curies":[{"name":"wp","href":"https:\/\/api.w.org\/{rel}","templated":true}]}}