{"id":141,"date":"2016-10-13T18:35:02","date_gmt":"2016-10-13T21:35:02","guid":{"rendered":"http:\/\/www.techbyte.com.br\/?page_id=141"},"modified":"2016-11-24T10:45:46","modified_gmt":"2016-11-24T12:45:46","slug":"techbyte-incentivando-o-esporte","status":"publish","type":"page","link":"https:\/\/www.techbyte.com.br\/index.php\/techbyte-incentivando-o-esporte\/","title":{"rendered":"TechByte incentivando o esporte."},"content":{"rendered":"<p><strong><img decoding=\"async\" loading=\"lazy\" class=\"alignleft wp-image-152\" src=\"https:\/\/www.techbyte.com.br\/wp-content\/uploads\/2016\/10\/DSC_0685.jpg\" alt=\"dsc_0685\" width=\"335\" height=\"215\" srcset=\"https:\/\/www.techbyte.com.br\/wp-content\/uploads\/2016\/10\/DSC_0685.jpg 3022w, https:\/\/www.techbyte.com.br\/wp-content\/uploads\/2016\/10\/DSC_0685-300x192.jpg 300w, https:\/\/www.techbyte.com.br\/wp-content\/uploads\/2016\/10\/DSC_0685-768x492.jpg 768w, https:\/\/www.techbyte.com.br\/wp-content\/uploads\/2016\/10\/DSC_0685-1024x656.jpg 1024w, https:\/\/www.techbyte.com.br\/wp-content\/uploads\/2016\/10\/DSC_0685-228x146.jpg 228w, https:\/\/www.techbyte.com.br\/wp-content\/uploads\/2016\/10\/DSC_0685-50x32.jpg 50w, https:\/\/www.techbyte.com.br\/wp-content\/uploads\/2016\/10\/DSC_0685-125x80.jpg 125w\" sizes=\"(max-width: 335px) 100vw, 335px\" \/>Triciclo usado no <\/strong><strong>Drift Trike<\/strong><br \/>\nPara a pr\u00e1tica do Drift Trike, um triciclo adaptado conhecido como \u2018trike\u2019 \u2013 um misto de carrinho de rolim\u00e3 com triciclo infantil e bicicleta BMX, que utiliza em sua parte dianteira os componentes: garfo, guid\u00e3o de bicicleta e roda. Na parte traseira, duas rodas de pl\u00e1stico r\u00edgido, j\u00e1 que na traseira o objetivo \u00e9 fazer deslizar e\/ou derrapar nas curvas, com as mais ousadas manobras. Muitos pilotos optam pelas rodas de kart na traseira. O assento \u00e9 um banco de pl\u00e1stico que tem formato de concha. A frenagem, embora n\u00e3o seja obrigat\u00f3ria nesta modalidade, \u00e9 recomendada j\u00e1 que o trike \u00e9 usado em curvas e ladeiras. Muitos pilotos preferem controlar a velocidade do trike com suas manobras. A maioria dos trikes n\u00e3o possui pedais, contando com pedaleiras para auxiliar no controle com os p\u00e9s.<\/p>\n<p><strong>Categorias do <\/strong><strong>Drift Trike<\/strong><\/p>\n<p>Esta modalidade esportiva \u00e9 dividida em duas categorias: Speed e Slide.<\/p>\n<p>No Speed, pilotos se enfrentam em uma corrida ladeira abaixo e a velocidade do trike pode chegar at\u00e9 80, 120 km\/h dependendo da ladeira.<\/p>\n<p>Na categoria Slide, os pilotos enfrentam obst\u00e1culos na pista derrapando com o trike, provando suas habilidades.<\/p>\n<p><strong>Equipamentos de seguran\u00e7a<\/strong> <strong>usados no Drift Trike<br \/>\n<\/strong><br \/>\nEsporte radical, o Drift Trike vem atraindo toda a fam\u00edlia para sua pr\u00e1tica. Por ser um esporte em alta velocidade e com manobras consideradas de risco, o Drift Trike requer prote\u00e7\u00e3o, ou seja, \u00e9 preciso usar alguns itens de seguran\u00e7a, tais como luva, cotoveleira, joelheira e capacete. Estes itens s\u00e3o obrigat\u00f3rios para os participantes da modalidade esportiva que, em campeonatos, devem tamb\u00e9m usar protetor cervical.<\/p>\n","protected":false},"excerpt":{"rendered":"<p>Triciclo usado no Drift Trike Para a pr\u00e1tica do Drift Trike, um triciclo adaptado conhecido como \u2018trike\u2019 \u2013 um misto de carrinho de rolim\u00e3 com triciclo infantil e bicicleta BMX, que utiliza em sua parte dianteira os componentes: garfo, guid\u00e3o de bicicleta e roda. Na parte traseira, duas rodas de pl\u00e1stico r\u00edgido, j\u00e1 que na [&hellip;]<\/p>\n","protected":false},"author":1,"featured_media":0,"parent":0,"menu_order":0,"comment_status":"closed","ping_status":"closed","template":"","meta":[],"yoast_head":"<!-- This site is optimized with the Yoast SEO Premium plugin v17.9 (Yoast SEO v17.9) - https:\/\/yoast.com\/wordpress\/plugins\/seo\/ -->\n<title>TechByte incentivando o esporte. - Techbyte Solutions<\/title>\n<meta name=\"robots\" content=\"index, follow, max-snippet:-1, max-image-preview:large, max-video-preview:-1\" \/>\n<link rel=\"canonical\" href=\"https:\/\/www.techbyte.com.br\/index.php\/techbyte-incentivando-o-esporte\/\" \/>\n<meta property=\"og:locale\" content=\"pt_BR\" \/>\n<meta property=\"og:type\" content=\"article\" \/>\n<meta property=\"og:title\" content=\"TechByte incentivando o esporte.\" \/>\n<meta property=\"og:description\" content=\"Triciclo usado no Drift Trike Para a pr\u00e1tica do Drift Trike, um triciclo adaptado conhecido como \u2018trike\u2019 \u2013 um misto de carrinho de rolim\u00e3 com triciclo infantil e bicicleta BMX, que utiliza em sua parte dianteira os componentes: garfo, guid\u00e3o de bicicleta e roda. Na parte traseira, duas rodas de pl\u00e1stico r\u00edgido, j\u00e1 que na [&hellip;]\" \/>\n<meta property=\"og:url\" content=\"https:\/\/www.techbyte.com.br\/index.php\/techbyte-incentivando-o-esporte\/\" \/>\n<meta property=\"og:site_name\" content=\"Techbyte Solutions\" \/>\n<meta property=\"article:modified_time\" content=\"2016-11-24T12:45:46+00:00\" \/>\n<meta property=\"og:image\" content=\"https:\/\/www.techbyte.com.br\/wp-content\/uploads\/2016\/10\/DSC_0685.jpg\" \/>\n\t<meta property=\"og:image:width\" content=\"3022\" \/>\n\t<meta property=\"og:image:height\" content=\"1937\" \/>\n\t<meta property=\"og:image:type\" content=\"image\/jpeg\" \/>\n<meta name=\"twitter:card\" content=\"summary_large_image\" \/>\n<meta name=\"twitter:label1\" content=\"Est. tempo de leitura\" \/>\n\t<meta name=\"twitter:data1\" content=\"1 minuto\" \/>\n<script type=\"application\/ld+json\" class=\"yoast-schema-graph\">{\"@context\":\"https:\/\/schema.org\",\"@graph\":[{\"@type\":\"WebSite\",\"@id\":\"https:\/\/www.techbyte.com.br\/#website\",\"url\":\"https:\/\/www.techbyte.com.br\/\",\"name\":\"Techbyte Solutions\",\"description\":\"Solu\\u00e7\\u00f5es de TI na medida certa para a sua Empresa\",\"potentialAction\":[{\"@type\":\"SearchAction\",\"target\":{\"@type\":\"EntryPoint\",\"urlTemplate\":\"https:\/\/www.techbyte.com.br\/?s={search_term_string}\"},\"query-input\":\"required name=search_term_string\"}],\"inLanguage\":\"pt-BR\"},{\"@type\":\"ImageObject\",\"@id\":\"https:\/\/www.techbyte.com.br\/index.php\/techbyte-incentivando-o-esporte\/#primaryimage\",\"inLanguage\":\"pt-BR\",\"url\":\"https:\/\/www.techbyte.com.br\/wp-content\/uploads\/2016\/10\/DSC_0685.jpg\",\"contentUrl\":\"https:\/\/www.techbyte.com.br\/wp-content\/uploads\/2016\/10\/DSC_0685.jpg\",\"width\":3022,\"height\":1937},{\"@type\":\"WebPage\",\"@id\":\"https:\/\/www.techbyte.com.br\/index.php\/techbyte-incentivando-o-esporte\/#webpage\",\"url\":\"https:\/\/www.techbyte.com.br\/index.php\/techbyte-incentivando-o-esporte\/\",\"name\":\"TechByte incentivando o esporte. - Techbyte Solutions\",\"isPartOf\":{\"@id\":\"https:\/\/www.techbyte.com.br\/#website\"},\"primaryImageOfPage\":{\"@id\":\"https:\/\/www.techbyte.com.br\/index.php\/techbyte-incentivando-o-esporte\/#primaryimage\"},\"datePublished\":\"2016-10-13T21:35:02+00:00\",\"dateModified\":\"2016-11-24T12:45:46+00:00\",\"breadcrumb\":{\"@id\":\"https:\/\/www.techbyte.com.br\/index.php\/techbyte-incentivando-o-esporte\/#breadcrumb\"},\"inLanguage\":\"pt-BR\",\"potentialAction\":[{\"@type\":\"ReadAction\",\"target\":[\"https:\/\/www.techbyte.com.br\/index.php\/techbyte-incentivando-o-esporte\/\"]}]},{\"@type\":\"BreadcrumbList\",\"@id\":\"https:\/\/www.techbyte.com.br\/index.php\/techbyte-incentivando-o-esporte\/#breadcrumb\",\"itemListElement\":[{\"@type\":\"ListItem\",\"position\":1,\"name\":\"Home\",\"item\":\"https:\/\/www.techbyte.com.br\/\"},{\"@type\":\"ListItem\",\"position\":2,\"name\":\"TechByte incentivando o esporte.\"}]}]}<\/script>\n<!-- \/ Yoast SEO Premium plugin. -->","yoast_head_json":{"title":"TechByte incentivando o esporte. - Techbyte Solutions","robots":{"index":"index","follow":"follow","max-snippet":"max-snippet:-1","max-image-preview":"max-image-preview:large","max-video-preview":"max-video-preview:-1"},"canonical":"https:\/\/www.techbyte.com.br\/index.php\/techbyte-incentivando-o-esporte\/","og_locale":"pt_BR","og_type":"article","og_title":"TechByte incentivando o esporte.","og_description":"Triciclo usado no Drift Trike Para a pr\u00e1tica do Drift Trike, um triciclo adaptado conhecido como \u2018trike\u2019 \u2013 um misto de carrinho de rolim\u00e3 com triciclo infantil e bicicleta BMX, que utiliza em sua parte dianteira os componentes: garfo, guid\u00e3o de bicicleta e roda. Na parte traseira, duas rodas de pl\u00e1stico r\u00edgido, j\u00e1 que na [&hellip;]","og_url":"https:\/\/www.techbyte.com.br\/index.php\/techbyte-incentivando-o-esporte\/","og_site_name":"Techbyte Solutions","article_modified_time":"2016-11-24T12:45:46+00:00","og_image":[{"width":3022,"height":1937,"url":"https:\/\/www.techbyte.com.br\/wp-content\/uploads\/2016\/10\/DSC_0685.jpg","type":"image\/jpeg"}],"twitter_card":"summary_large_image","twitter_misc":{"Est. tempo de leitura":"1 minuto"},"schema":{"@context":"https:\/\/schema.org","@graph":[{"@type":"WebSite","@id":"https:\/\/www.techbyte.com.br\/#website","url":"https:\/\/www.techbyte.com.br\/","name":"Techbyte Solutions","description":"Solu\u00e7\u00f5es de TI na medida certa para a sua Empresa","potentialAction":[{"@type":"SearchAction","target":{"@type":"EntryPoint","urlTemplate":"https:\/\/www.techbyte.com.br\/?s={search_term_string}"},"query-input":"required name=search_term_string"}],"inLanguage":"pt-BR"},{"@type":"ImageObject","@id":"https:\/\/www.techbyte.com.br\/index.php\/techbyte-incentivando-o-esporte\/#primaryimage","inLanguage":"pt-BR","url":"https:\/\/www.techbyte.com.br\/wp-content\/uploads\/2016\/10\/DSC_0685.jpg","contentUrl":"https:\/\/www.techbyte.com.br\/wp-content\/uploads\/2016\/10\/DSC_0685.jpg","width":3022,"height":1937},{"@type":"WebPage","@id":"https:\/\/www.techbyte.com.br\/index.php\/techbyte-incentivando-o-esporte\/#webpage","url":"https:\/\/www.techbyte.com.br\/index.php\/techbyte-incentivando-o-esporte\/","name":"TechByte incentivando o esporte. - Techbyte Solutions","isPartOf":{"@id":"https:\/\/www.techbyte.com.br\/#website"},"primaryImageOfPage":{"@id":"https:\/\/www.techbyte.com.br\/index.php\/techbyte-incentivando-o-esporte\/#primaryimage"},"datePublished":"2016-10-13T21:35:02+00:00","dateModified":"2016-11-24T12:45:46+00:00","breadcrumb":{"@id":"https:\/\/www.techbyte.com.br\/index.php\/techbyte-incentivando-o-esporte\/#breadcrumb"},"inLanguage":"pt-BR","potentialAction":[{"@type":"ReadAction","target":["https:\/\/www.techbyte.com.br\/index.php\/techbyte-incentivando-o-esporte\/"]}]},{"@type":"BreadcrumbList","@id":"https:\/\/www.techbyte.com.br\/index.php\/techbyte-incentivando-o-esporte\/#breadcrumb","itemListElement":[{"@type":"ListItem","position":1,"name":"Home","item":"https:\/\/www.techbyte.com.br\/"},{"@type":"ListItem","position":2,"name":"TechByte incentivando o esporte."}]}]}},"_links":{"self":[{"href":"https:\/\/www.techbyte.com.br\/index.php\/wp-json\/wp\/v2\/pages\/141"}],"collection":[{"href":"https:\/\/www.techbyte.com.br\/index.php\/wp-json\/wp\/v2\/pages"}],"about":[{"href":"https:\/\/www.techbyte.com.br\/index.php\/wp-json\/wp\/v2\/types\/page"}],"author":[{"embeddable":true,"href":"https:\/\/www.techbyte.com.br\/index.php\/wp-json\/wp\/v2\/users\/1"}],"replies":[{"embeddable":true,"href":"https:\/\/www.techbyte.com.br\/index.php\/wp-json\/wp\/v2\/comments?post=141"}],"version-history":[{"count":0,"href":"https:\/\/www.techbyte.com.br\/index.php\/wp-json\/wp\/v2\/pages\/141\/revisions"}],"wp:attachment":[{"href":"https:\/\/www.techbyte.com.br\/index.php\/wp-json\/wp\/v2\/media?parent=141"}],"curies":[{"name":"wp","href":"https:\/\/api.w.org\/{rel}","templated":true}]}}